{"id":1192,"date":"2025-11-26T05:32:19","date_gmt":"2025-11-26T04:32:19","guid":{"rendered":"https:\/\/marcuskneip.com\/?page_id=1192"},"modified":"2026-03-15T08:02:00","modified_gmt":"2026-03-15T07:02:00","slug":"wo","status":"publish","type":"page","link":"https:\/\/marcuskneip.com\/en\/wo\/","title":{"rendered":"Where"},"content":{"rendered":"\t\t<div data-elementor-type=\"wp-page\" data-elementor-id=\"1192\" class=\"elementor elementor-1192\" data-elementor-post-type=\"page\">\n\t\t\t\t<div class=\"elementor-element elementor-element-daf8c12 e-con-full e-flex e-con e-parent\" data-id=\"daf8c12\" data-element_type=\"container\" data-e-type=\"container\" data-settings=\"{&quot;background_background&quot;:&quot;classic&quot;,&quot;background_motion_fx_motion_fx_scrolling&quot;:&quot;yes&quot;,&quot;background_motion_fx_opacity_effect&quot;:&quot;yes&quot;,&quot;background_motion_fx_opacity_range&quot;:{&quot;unit&quot;:&quot;%&quot;,&quot;size&quot;:&quot;&quot;,&quot;sizes&quot;:{&quot;start&quot;:12,&quot;end&quot;:22}},&quot;background_motion_fx_range&quot;:&quot;page&quot;,&quot;sticky&quot;:&quot;top&quot;,&quot;background_motion_fx_translateY_effect&quot;:&quot;yes&quot;,&quot;background_motion_fx_translateY_direction&quot;:&quot;negative&quot;,&quot;background_motion_fx_translateY_speed&quot;:{&quot;unit&quot;:&quot;px&quot;,&quot;size&quot;:6,&quot;sizes&quot;:[]},&quot;background_motion_fx_translateY_affectedRange&quot;:{&quot;unit&quot;:&quot;%&quot;,&quot;size&quot;:&quot;&quot;,&quot;sizes&quot;:{&quot;start&quot;:44,&quot;end&quot;:59}},&quot;background_motion_fx_translateX_effect&quot;:&quot;yes&quot;,&quot;background_motion_fx_translateX_speed&quot;:{&quot;unit&quot;:&quot;px&quot;,&quot;size&quot;:4,&quot;sizes&quot;:[]},&quot;background_motion_fx_translateX_affectedRange&quot;:{&quot;unit&quot;:&quot;%&quot;,&quot;size&quot;:&quot;&quot;,&quot;sizes&quot;:{&quot;start&quot;:0,&quot;end&quot;:100}},&quot;background_motion_fx_opacity_direction&quot;:&quot;out-in&quot;,&quot;background_motion_fx_opacity_level&quot;:{&quot;unit&quot;:&quot;px&quot;,&quot;size&quot;:10,&quot;sizes&quot;:[]},&quot;background_motion_fx_devices&quot;:[&quot;desktop&quot;,&quot;laptop&quot;,&quot;tablet&quot;,&quot;mobile&quot;],&quot;sticky_on&quot;:[&quot;desktop&quot;,&quot;laptop&quot;,&quot;tablet&quot;,&quot;mobile&quot;],&quot;sticky_offset&quot;:0,&quot;sticky_effects_offset&quot;:0,&quot;sticky_anchor_link_offset&quot;:0}\">\n\t\t<div class=\"elementor-element elementor-element-1898230 e-con-full e-flex e-con e-child\" data-id=\"1898230\" data-element_type=\"container\" data-e-type=\"container\" data-settings=\"{&quot;position&quot;:&quot;fixed&quot;}\">\n\t\t\t\t<div class=\"elementor-element elementor-element-3d8633f elementor-hidden-desktop elementor-hidden-laptop elementor-view-default elementor-widget elementor-widget-icon\" data-id=\"3d8633f\" data-element_type=\"widget\" data-e-type=\"widget\" data-widget_type=\"icon.default\">\n\t\t\t\t<div class=\"elementor-widget-container\">\n\t\t\t\t\t\t\t<div class=\"elementor-icon-wrapper\">\n\t\t\t<a class=\"elementor-icon\" href=\"#elementor-action%3Aaction%3Dpopup%3Aopen%26settings%3DeyJpZCI6IjQ0MyIsInRvZ2dsZSI6ZmFsc2V9\">\n\t\t\t<svg aria-hidden=\"true\" class=\"e-font-icon-svg e-fas-bars\" viewBox=\"0 0 448 512\" xmlns=\"http:\/\/www.w3.org\/2000\/svg\"><path d=\"M16 132h416c8.837 0 16-7.163 16-16V76c0-8.837-7.163-16-16-16H16C7.163 60 0 67.163 0 76v40c0 8.837 7.163 16 16 16zm0 160h416c8.837 0 16-7.163 16-16v-40c0-8.837-7.163-16-16-16H16c-8.837 0-16 7.163-16 16v40c0 8.837 7.163 16 16 16zm0 160h416c8.837 0 16-7.163 16-16v-40c0-8.837-7.163-16-16-16H16c-8.837 0-16 7.163-16 16v40c0 8.837 7.163 16 16 16z\"><\/path><\/svg>\t\t\t<\/a>\n\t\t<\/div>\n\t\t\t\t\t\t<\/div>\n\t\t\t\t<\/div>\n\t\t\t\t<div class=\"elementor-element elementor-element-9904377 elementor-widget elementor-widget-theme-site-title elementor-widget-heading\" data-id=\"9904377\" data-element_type=\"widget\" data-e-type=\"widget\" data-widget_type=\"theme-site-title.default\">\n\t\t\t\t<div class=\"elementor-widget-container\">\n\t\t\t\t\t<h2 class=\"elementor-heading-title elementor-size-default\"><a href=\"https:\/\/marcuskneip.com\/en\">Marcus Kneip<\/a><\/h2>\t\t\t\t<\/div>\n\t\t\t\t<\/div>\n\t\t\t\t<\/div>\n\t\t<div class=\"elementor-element elementor-element-45dcedc e-con-full elementor-hidden-tablet elementor-hidden-mobile e-flex e-con e-child\" data-id=\"45dcedc\" data-element_type=\"container\" data-e-type=\"container\" data-settings=\"{&quot;position&quot;:&quot;fixed&quot;}\">\n\t\t\t\t<div class=\"elementor-element elementor-element-859516b elementor-nav-menu__align-center elementor-nav-menu--dropdown-none elementor-widget elementor-widget-nav-menu\" data-id=\"859516b\" data-element_type=\"widget\" data-e-type=\"widget\" data-settings=\"{&quot;layout&quot;:&quot;horizontal&quot;,&quot;submenu_icon&quot;:{&quot;value&quot;:&quot;&lt;svg aria-hidden=\\&quot;true\\&quot; class=\\&quot;e-font-icon-svg e-fas-caret-down\\&quot; viewBox=\\&quot;0 0 320 512\\&quot; xmlns=\\&quot;http:\\\/\\\/www.w3.org\\\/2000\\\/svg\\&quot;&gt;&lt;path d=\\&quot;M31.3 192h257.3c17.8 0 26.7 21.5 14.1 34.1L174.1 354.8c-7.8 7.8-20.5 7.8-28.3 0L17.2 226.1C4.6 213.5 13.5 192 31.3 192z\\&quot;&gt;&lt;\\\/path&gt;&lt;\\\/svg&gt;&quot;,&quot;library&quot;:&quot;fa-solid&quot;}}\" data-widget_type=\"nav-menu.default\">\n\t\t\t\t<div class=\"elementor-widget-container\">\n\t\t\t\t\t\t\t\t<nav aria-label=\"Menu\" class=\"elementor-nav-menu--main elementor-nav-menu__container elementor-nav-menu--layout-horizontal e--pointer-underline e--animation-fade\">\n\t\t\t\t<ul id=\"menu-1-859516b\" class=\"elementor-nav-menu\"><li class=\"menu-item menu-item-type-post_type menu-item-object-page menu-item-home menu-item-51\"><a href=\"https:\/\/marcuskneip.com\/en\/\" class=\"elementor-item\">Home<\/a><\/li>\n<li class=\"menu-item menu-item-type-post_type menu-item-object-page menu-item-1279\"><a href=\"https:\/\/marcuskneip.com\/en\/was\/\" class=\"elementor-item\">Was<\/a><\/li>\n<li class=\"menu-item menu-item-type-post_type menu-item-object-page menu-item-1280\"><a href=\"https:\/\/marcuskneip.com\/en\/warum\/\" class=\"elementor-item\">Warum<\/a><\/li>\n<li class=\"menu-item menu-item-type-post_type menu-item-object-page menu-item-1281\"><a href=\"https:\/\/marcuskneip.com\/en\/wer\/\" class=\"elementor-item\">Wer<\/a><\/li>\n<li class=\"menu-item menu-item-type-post_type menu-item-object-page menu-item-1282\"><a href=\"https:\/\/marcuskneip.com\/en\/wo\/\" class=\"elementor-item\">Wo<\/a><\/li>\n<li class=\"menu-item menu-item-type-post_type menu-item-object-page menu-item-1283\"><a href=\"https:\/\/marcuskneip.com\/en\/werke\/\" class=\"elementor-item\">Werke<\/a><\/li>\n<li class=\"trp-language-switcher-container menu-item menu-item-type-post_type menu-item-object-language_switcher menu-item-has-children current-language-menu-item menu-item-727\"><a href=\"https:\/\/marcuskneip.com\/en\/wp-json\/wp\/v2\/pages\/1192#TRPLINKPROCESSED\" class=\"elementor-item elementor-item-anchor\"><span data-no-translation><img decoding=\"async\" class=\"trp-flag-image\" src=\"https:\/\/marcuskneip.com\/wp-content\/plugins\/translatepress-multilingual\/assets\/images\/flags\/en_GB.png\" width=\"18\" height=\"12\" alt=\"en_GB\" title=\"English (UK)\"><\/span><\/a>\n<ul class=\"sub-menu elementor-nav-menu--dropdown\">\n\t<li class=\"trp-language-switcher-container menu-item menu-item-type-post_type menu-item-object-language_switcher current-language-menu-item menu-item-726\"><a href=\"https:\/\/marcuskneip.com\/en\/wp-json\/wp\/v2\/pages\/1192#TRPLINKPROCESSED\" class=\"elementor-sub-item elementor-item-anchor\"><span data-no-translation><img decoding=\"async\" class=\"trp-flag-image\" src=\"https:\/\/marcuskneip.com\/wp-content\/plugins\/translatepress-multilingual\/assets\/images\/flags\/de_DE.png\" width=\"18\" height=\"12\" alt=\"de_DE\" title=\"Deutsch\"><\/span><\/a><\/li>\n<\/ul>\n<\/li>\n<\/ul>\t\t\t<\/nav>\n\t\t\t\t\t\t<nav class=\"elementor-nav-menu--dropdown elementor-nav-menu__container\" aria-hidden=\"true\">\n\t\t\t\t<ul id=\"menu-2-859516b\" class=\"elementor-nav-menu\"><li class=\"menu-item menu-item-type-post_type menu-item-object-page menu-item-home menu-item-51\"><a href=\"https:\/\/marcuskneip.com\/en\/\" class=\"elementor-item\" tabindex=\"-1\">Home<\/a><\/li>\n<li class=\"menu-item menu-item-type-post_type menu-item-object-page menu-item-1279\"><a href=\"https:\/\/marcuskneip.com\/en\/was\/\" class=\"elementor-item\" tabindex=\"-1\">Was<\/a><\/li>\n<li class=\"menu-item menu-item-type-post_type menu-item-object-page menu-item-1280\"><a href=\"https:\/\/marcuskneip.com\/en\/warum\/\" class=\"elementor-item\" tabindex=\"-1\">Warum<\/a><\/li>\n<li class=\"menu-item menu-item-type-post_type menu-item-object-page menu-item-1281\"><a href=\"https:\/\/marcuskneip.com\/en\/wer\/\" class=\"elementor-item\" tabindex=\"-1\">Wer<\/a><\/li>\n<li class=\"menu-item menu-item-type-post_type menu-item-object-page menu-item-1282\"><a href=\"https:\/\/marcuskneip.com\/en\/wo\/\" class=\"elementor-item\" tabindex=\"-1\">Wo<\/a><\/li>\n<li class=\"menu-item menu-item-type-post_type menu-item-object-page menu-item-1283\"><a href=\"https:\/\/marcuskneip.com\/en\/werke\/\" class=\"elementor-item\" tabindex=\"-1\">Werke<\/a><\/li>\n<li class=\"trp-language-switcher-container menu-item menu-item-type-post_type menu-item-object-language_switcher menu-item-has-children current-language-menu-item menu-item-727\"><a href=\"https:\/\/marcuskneip.com\/en\/wp-json\/wp\/v2\/pages\/1192#TRPLINKPROCESSED\" class=\"elementor-item elementor-item-anchor\" tabindex=\"-1\"><span data-no-translation><img decoding=\"async\" class=\"trp-flag-image\" src=\"https:\/\/marcuskneip.com\/wp-content\/plugins\/translatepress-multilingual\/assets\/images\/flags\/en_GB.png\" width=\"18\" height=\"12\" alt=\"en_GB\" title=\"English (UK)\"><\/span><\/a>\n<ul class=\"sub-menu elementor-nav-menu--dropdown\">\n\t<li class=\"trp-language-switcher-container menu-item menu-item-type-post_type menu-item-object-language_switcher current-language-menu-item menu-item-726\"><a href=\"https:\/\/marcuskneip.com\/en\/wp-json\/wp\/v2\/pages\/1192#TRPLINKPROCESSED\" class=\"elementor-sub-item elementor-item-anchor\" tabindex=\"-1\"><span data-no-translation><img decoding=\"async\" class=\"trp-flag-image\" src=\"https:\/\/marcuskneip.com\/wp-content\/plugins\/translatepress-multilingual\/assets\/images\/flags\/de_DE.png\" width=\"18\" height=\"12\" alt=\"de_DE\" title=\"Deutsch\"><\/span><\/a><\/li>\n<\/ul>\n<\/li>\n<\/ul>\t\t\t<\/nav>\n\t\t\t\t\t\t<\/div>\n\t\t\t\t<\/div>\n\t\t\t\t<\/div>\n\t\t<div class=\"elementor-element elementor-element-0bf67d9 e-con-full e-flex e-con e-child\" data-id=\"0bf67d9\" data-element_type=\"container\" data-e-type=\"container\" data-settings=\"{&quot;position&quot;:&quot;fixed&quot;}\">\n\t\t\t\t<div class=\"elementor-element elementor-element-c657e29 elementor-view-default elementor-widget elementor-widget-icon\" data-id=\"c657e29\" data-element_type=\"widget\" data-e-type=\"widget\" data-widget_type=\"icon.default\">\n\t\t\t\t<div class=\"elementor-widget-container\">\n\t\t\t\t\t\t\t<div class=\"elementor-icon-wrapper\">\n\t\t\t<a class=\"elementor-icon\" href=\"https:\/\/www.instagram.com\/marcus.kneip\/\" rel=\"noopener\">\n\t\t\t<svg aria-hidden=\"true\" class=\"e-font-icon-svg e-fab-instagram\" viewBox=\"0 0 448 512\" xmlns=\"http:\/\/www.w3.org\/2000\/svg\"><path d=\"M224.1 141c-63.6 0-114.9 51.3-114.9 114.9s51.3 114.9 114.9 114.9S339 319.5 339 255.9 287.7 141 224.1 141zm0 189.6c-41.1 0-74.7-33.5-74.7-74.7s33.5-74.7 74.7-74.7 74.7 33.5 74.7 74.7-33.6 74.7-74.7 74.7zm146.4-194.3c0 14.9-12 26.8-26.8 26.8-14.9 0-26.8-12-26.8-26.8s12-26.8 26.8-26.8 26.8 12 26.8 26.8zm76.1 27.2c-1.7-35.9-9.9-67.7-36.2-93.9-26.2-26.2-58-34.4-93.9-36.2-37-2.1-147.9-2.1-184.9 0-35.8 1.7-67.6 9.9-93.9 36.1s-34.4 58-36.2 93.9c-2.1 37-2.1 147.9 0 184.9 1.7 35.9 9.9 67.7 36.2 93.9s58 34.4 93.9 36.2c37 2.1 147.9 2.1 184.9 0 35.9-1.7 67.7-9.9 93.9-36.2 26.2-26.2 34.4-58 36.2-93.9 2.1-37 2.1-147.8 0-184.8zM398.8 388c-7.8 19.6-22.9 34.7-42.6 42.6-29.5 11.7-99.5 9-132.1 9s-102.7 2.6-132.1-9c-19.6-7.8-34.7-22.9-42.6-42.6-11.7-29.5-9-99.5-9-132.1s-2.6-102.7 9-132.1c7.8-19.6 22.9-34.7 42.6-42.6 29.5-11.7 99.5-9 132.1-9s102.7-2.6 132.1 9c19.6 7.8 34.7 22.9 42.6 42.6 11.7 29.5 9 99.5 9 132.1s2.7 102.7-9 132.1z\"><\/path><\/svg>\t\t\t<\/a>\n\t\t<\/div>\n\t\t\t\t\t\t<\/div>\n\t\t\t\t<\/div>\n\t\t\t\t<div class=\"elementor-element elementor-element-ea78544 elementor-align-right elementor-widget elementor-widget-button\" data-id=\"ea78544\" data-element_type=\"widget\" data-e-type=\"widget\" data-widget_type=\"button.default\">\n\t\t\t\t<div class=\"elementor-widget-container\">\n\t\t\t\t\t\t\t\t\t<div class=\"elementor-button-wrapper\">\n\t\t\t\t\t<a class=\"elementor-button elementor-button-link elementor-size-sm\" href=\"#elementor-action%3Aaction%3Dpopup%3Aopen%26settings%3DeyJpZCI6IjIyNCIsInRvZ2dsZSI6ZmFsc2V9\">\n\t\t\t\t\t\t<span class=\"elementor-button-content-wrapper\">\n\t\t\t\t\t\t\t\t\t<span class=\"elementor-button-text\">Kontakt<\/span>\n\t\t\t\t\t<\/span>\n\t\t\t\t\t<\/a>\n\t\t\t\t<\/div>\n\t\t\t\t\t\t\t\t<\/div>\n\t\t\t\t<\/div>\n\t\t\t\t<\/div>\n\t\t\t\t<\/div>\n\t\t<div class=\"elementor-element elementor-element-675fb3e e-flex e-con-boxed e-con e-parent\" data-id=\"675fb3e\" data-element_type=\"container\" data-e-type=\"container\" data-settings=\"{&quot;background_background&quot;:&quot;classic&quot;}\">\n\t\t\t\t\t<div class=\"e-con-inner\">\n\t\t\t\t<div class=\"elementor-element elementor-element-1fd0345 elementor-widget elementor-widget-image\" data-id=\"1fd0345\" data-element_type=\"widget\" data-e-type=\"widget\" data-widget_type=\"image.default\">\n\t\t\t\t<div class=\"elementor-widget-container\">\n\t\t\t\t\t\t\t\t\t\t\t\t\t\t\t<img fetchpriority=\"high\" decoding=\"async\" width=\"2560\" height=\"1739\" src=\"https:\/\/marcuskneip.com\/wp-content\/uploads\/2025\/07\/5E7A3653Farbtemp2-scaled.jpg\" class=\"attachment-full size-full wp-image-825\" alt=\"\" srcset=\"https:\/\/marcuskneip.com\/wp-content\/uploads\/2025\/07\/5E7A3653Farbtemp2-scaled.jpg 2560w, https:\/\/marcuskneip.com\/wp-content\/uploads\/2025\/07\/5E7A3653Farbtemp2-300x204.jpg 300w, https:\/\/marcuskneip.com\/wp-content\/uploads\/2025\/07\/5E7A3653Farbtemp2-1024x696.jpg 1024w, https:\/\/marcuskneip.com\/wp-content\/uploads\/2025\/07\/5E7A3653Farbtemp2-768x522.jpg 768w, https:\/\/marcuskneip.com\/wp-content\/uploads\/2025\/07\/5E7A3653Farbtemp2-1536x1044.jpg 1536w, https:\/\/marcuskneip.com\/wp-content\/uploads\/2025\/07\/5E7A3653Farbtemp2-2048x1391.jpg 2048w, https:\/\/marcuskneip.com\/wp-content\/uploads\/2025\/07\/5E7A3653Farbtemp2-18x12.jpg 18w\" sizes=\"(max-width: 2560px) 100vw, 2560px\" title=\"\">\t\t\t\t\t\t\t\t\t\t\t\t\t\t\t<\/div>\n\t\t\t\t<\/div>\n\t\t\t\t<div class=\"elementor-element elementor-element-a866fba elementor-widget elementor-widget-heading\" data-id=\"a866fba\" data-element_type=\"widget\" data-e-type=\"widget\" data-widget_type=\"heading.default\">\n\t\t\t\t<div class=\"elementor-widget-container\">\n\t\t\t\t\t<h2 class=\"elementor-heading-title elementor-size-default\">Wo<\/h2>\t\t\t\t<\/div>\n\t\t\t\t<\/div>\n\t\t\t\t<div class=\"elementor-element elementor-element-6505e3a elementor-widget elementor-widget-text-editor\" data-id=\"6505e3a\" data-element_type=\"widget\" data-e-type=\"widget\" data-widget_type=\"text-editor.default\">\n\t\t\t\t<div class=\"elementor-widget-container\">\n\t\t\t\t\t\t\t\t\t<p>\u201eMeisterschaft, das ist eben diese Patina, die sich bei langj\u00e4hrigem, unerm\u00fcdlichem Polieren ergibt.\u201c<br \/><strong>Tanizaki Jun\u2019ichiro<\/strong><em><br \/><\/em><\/p>\t\t\t\t\t\t\t\t<\/div>\n\t\t\t\t<\/div>\n\t\t\t\t<div class=\"elementor-element elementor-element-d659de3 elementor-widget elementor-widget-text-editor\" data-id=\"d659de3\" data-element_type=\"widget\" data-e-type=\"widget\" data-widget_type=\"text-editor.default\">\n\t\t\t\t<div class=\"elementor-widget-container\">\n\t\t\t\t\t\t\t\t\t<p><strong>2026<\/strong><\/p>\n<p>16.08.-26.12.2026<br>Ausstellung in der Galerie der Gutsch\u00e4nke Schaaf, F\u00e4hrstra\u00dfe 6, 563333 Winningen. Weitere Infos in K\u00fcrze.&nbsp;<br>Vernissage: 16.08.2026 um 15:00 Uhr<\/p>\n<p>07.12.2026 bis 14.02.2027<br>&#8222;Impuls Fernost&#8220; &#8211; Gruppenausstellung von Ren\u00e9 B\u00f6ll, Giacomo Bruni, Jan-Michael Ehrhardt, Marcus Kneip und Thorsten Schirmer im Maternushaus K\u00f6ln (Kardinal-Frings-Stra\u00dfe 1-3, 50668 K\u00f6ln)<\/p>\n<p><strong>2025\/2026<\/strong><\/p>\n<p>30.11.2025 bis 11.01.2026<br>Jurierte Jahreskunstausstellung im Roentgen-Museum Neuwied<\/p>\n<p>05.09. bis 31.10.2025<br><a href=\"https:\/\/marcuskneip.com\/wp-content\/uploads\/2025\/10\/20251002062600.pdf\">&#8222;Tuschezeichen&#8220;<\/a> im Bildungszentrum Langenhagen&nbsp;<\/p>\n<p><strong>2023<\/strong><\/p>\n<p>02.12.2023 bis 04.02.2024<br>Jurierte Jahreskunstausstellung im Roentgen-Museum Neuwied<\/p>\n<p><strong>2018<\/strong><\/p>\n<p>25.11.2018 &#8211; 13.01.2019<br>Jahreskunstausstellung im Roentgen Museum Neuwied<\/p>\n<p>20.04. &#8211; 27.05.2018<br>&#8222;Stille Kraft&#8220; &#8211; Teilnahme an den&nbsp;<a href=\"http:\/\/kunsttage-koenigswinter.de\/zuhause-der-kunst-2018\/\" rel=\"noopener\">17. Kunsttagen in K\u00f6nigswinter<\/a>&nbsp;im Zuhause der Kunst<\/p>\n<p><strong>2017<\/strong><\/p>\n<p>25.11.2017 &#8211; 18.02.2018<br>Jurierte Jahreskunstausstellung im Roentgen-Museum Neuwied&nbsp;<\/p>\n<p><strong>2016<\/strong><\/p>\n<p>26.11.2016 &#8211; 15.01.2017<br>Jurierte Jahreskunstausstellung im Roentgen-Museum Neuwied<\/p>\n<p>27.05. &#8211; 20.06.2016<br><a href=\"http:\/\/www.general-anzeiger-bonn.de\/bonn\/bad-godesberg\/Kr%C3%A4ftige-Farbmuster-und-filigrane-Tuscheskizzen-article3268766.html\" rel=\"noopener\">Kontraste! Form und Farbe in Spannung.<\/a>&nbsp;<br>Gemeinschaftsausstellung mit Walter Kreuzberg im Kunstverein Bad Godesberg<\/p>\n<p>10.04.2016 &#8211; 23.04.2016<br>Teilnahme an der&nbsp;<a href=\"https:\/\/issuu.com\/koelnpress\/docs\/kumei_katalog_fin_low?e=1294805\/33992412\" rel=\"noopener\">14. Kunstmeile in K\u00f6ln-Rodenkirchen<\/a><\/p>\n<p>10.02.2016 &#8211; 13.03.2016<br>Teilnahme an der&nbsp;Gruppenausstellung &#8222;Schwarz Weiss 2016&#8220;&nbsp;im Haus an der Redoute in Bad Godesberg<\/p>\n<p><strong>2015<\/strong><\/p>\n<p>27.09.2015 &#8211; 31.01.2016<br>&#8222;Jenseits von Raum und Zeit&#8220;, Einzelausstellung in der Vinothek Winningen<\/p>\n<p>21.11.2015 &#8211; 10.01.2016<br>Jahreskunstausstellung 2015&nbsp;<a href=\"https:\/\/marcuskneip.com\/wp-content\/uploads\/2025\/07\/blickaktuell-roentgen-museum-2015.jpg\">im Roentgen-Museum Neuwied &nbsp;&nbsp;<\/a>&nbsp;&nbsp;&nbsp;&nbsp;&nbsp; &nbsp;&nbsp;&nbsp;&nbsp;&nbsp;&nbsp;&nbsp;&nbsp;&nbsp; &nbsp;&nbsp;&nbsp;&nbsp;<\/p>\n<p>Teilnahme an der Gruppenausstellung &#8222;<a href=\"http:\/\/www.anonyme-zeichner.de\/vergangenes\/anonyme-zeichner-2015-rom\/\" rel=\"noopener\">Anonyme Zeichner 2015<\/a>&#8222;<br>02.08.2015 &#8211; 29.08.2015<br>Kunstverein Tiergarten \/ Galerie Nord, Berlin<br>09.10.2015 &#8211; 11.10.2015<br>Galerie ARTQ13, Rom<br>13.11.2015 &#8211; 18.12.2015<br>Galerie GEYSO20, Braunschweig<br>13.03.2015 &#8211; 10.04.2016<br>Kunstverein R\u00fcsselsheim<\/p>\n<p>20.06.2015 &#8211; 4.07.2015&nbsp;<br><a href=\"https:\/\/marcuskneip.com\/wp-content\/uploads\/2025\/07\/Bericht-Rhein-Zeitung-Dem-Schwarz-der-Tusche-verfallen.pdf\">INK!<\/a>&nbsp;Tuschearbeiten von Marcus Kneip in den Werk- und Ausstellungsr\u00e4umen von Christiane Schmidt<\/p>\n<p><strong>bis 2014<\/strong><\/p>\n<p>14.12.2014 &#8211; 01.02.2015<br><a href=\"https:\/\/marcuskneip.com\/wp-content\/uploads\/2025\/07\/Bericht-Rhein-Zeitung-Jahreskunstausstellung-2014-Roentgen-Museum-Neuwied.pdf\">Jahreskunstausstellung 2014<\/a>&nbsp;im Roentgen-Museum Neuwied<\/p>\n<p>09.11.2013 &#8211; 10.11.2013<br>Frankfurter Vernissage K\u00fcnstlermesse&nbsp;im Thurn und Taxis Palais&nbsp;&nbsp;&nbsp;<\/p>\n<p>Juli\/August 2008<br>Technologiezentrum Koblenz<\/p>\n<p>April 2008<br>Weingut H.J. Kreuzberg, Dernau<\/p>\n<p>Mai 2007<br>Weingut H.J. Kreuzberg Dernau<\/p>\n<p>Dezember 2006<br>SHD Holding, Andernach&nbsp;<\/p>\t\t\t\t\t\t\t\t<\/div>\n\t\t\t\t<\/div>\n\t\t\t\t\t<\/div>\n\t\t\t\t<\/div>\n\t\t<div class=\"elementor-element elementor-element-66f14c5 e-con-full e-flex e-con e-parent\" data-id=\"66f14c5\" data-element_type=\"container\" data-e-type=\"container\" data-settings=\"{&quot;background_background&quot;:&quot;classic&quot;}\">\n\t\t<div class=\"elementor-element elementor-element-b82dd37 e-con-full e-flex e-con e-child\" data-id=\"b82dd37\" data-element_type=\"container\" data-e-type=\"container\">\n\t\t<div class=\"elementor-element elementor-element-82bedcb e-con-full e-flex e-con e-child\" data-id=\"82bedcb\" data-element_type=\"container\" data-e-type=\"container\">\n\t\t<div class=\"elementor-element elementor-element-512868d e-con-full e-flex e-con e-child\" data-id=\"512868d\" data-element_type=\"container\" data-e-type=\"container\">\n\t\t\t\t<div class=\"elementor-element elementor-element-c107aa2 elementor-widget-laptop__width-initial elementor-widget-mobile__width-inherit elementor-widget elementor-widget-text-editor\" data-id=\"c107aa2\" data-element_type=\"widget\" data-e-type=\"widget\" data-widget_type=\"text-editor.default\">\n\t\t\t\t<div class=\"elementor-widget-container\">\n\t\t\t\t\t\t\t\t\t<p>\u00a9 2026 Marcus Kneip. All rights reserved<\/p>\t\t\t\t\t\t\t\t<\/div>\n\t\t\t\t<\/div>\n\t\t\t\t<div class=\"elementor-element elementor-element-1151c70 elementor-widget-laptop__width-initial elementor-widget-tablet__width-initial elementor-widget-mobile__width-inherit elementor-widget elementor-widget-text-editor\" data-id=\"1151c70\" data-element_type=\"widget\" data-e-type=\"widget\" data-widget_type=\"text-editor.default\">\n\t\t\t\t<div class=\"elementor-widget-container\">\n\t\t\t\t\t\t\t\t\t<p>Designed by <a href=\"http:\/\/www.bsbmg.de\" rel=\"noopener\">bsbmg.de<\/a><\/p>\t\t\t\t\t\t\t\t<\/div>\n\t\t\t\t<\/div>\n\t\t\t\t<\/div>\n\t\t<div class=\"elementor-element elementor-element-1461c58 e-con-full e-flex e-con e-child\" data-id=\"1461c58\" data-element_type=\"container\" data-e-type=\"container\" data-settings=\"{&quot;background_background&quot;:&quot;classic&quot;}\">\n\t\t\t\t<div class=\"elementor-element elementor-element-0cfaf01 elementor-mobile-align-center elementor-widget elementor-widget-button\" data-id=\"0cfaf01\" data-element_type=\"widget\" data-e-type=\"widget\" data-widget_type=\"button.default\">\n\t\t\t\t<div class=\"elementor-widget-container\">\n\t\t\t\t\t\t\t\t\t<div class=\"elementor-button-wrapper\">\n\t\t\t\t\t<a class=\"elementor-button elementor-button-link elementor-size-sm\" href=\"#elementor-action%3Aaction%3Dpopup%3Aopen%26settings%3DeyJpZCI6IjMzNCIsInRvZ2dsZSI6dHJ1ZX0%3D\">\n\t\t\t\t\t\t<span class=\"elementor-button-content-wrapper\">\n\t\t\t\t\t\t\t\t\t<span class=\"elementor-button-text\">Impressum<\/span>\n\t\t\t\t\t<\/span>\n\t\t\t\t\t<\/a>\n\t\t\t\t<\/div>\n\t\t\t\t\t\t\t\t<\/div>\n\t\t\t\t<\/div>\n\t\t\t\t<div class=\"elementor-element elementor-element-1a74620 elementor-mobile-align-center elementor-widget elementor-widget-button\" data-id=\"1a74620\" data-element_type=\"widget\" data-e-type=\"widget\" data-widget_type=\"button.default\">\n\t\t\t\t<div class=\"elementor-widget-container\">\n\t\t\t\t\t\t\t\t\t<div class=\"elementor-button-wrapper\">\n\t\t\t\t\t<a class=\"elementor-button elementor-button-link elementor-size-sm\" href=\"#elementor-action%3Aaction%3Dpopup%3Aopen%26settings%3DeyJpZCI6IjMzOCIsInRvZ2dsZSI6dHJ1ZX0%3D\">\n\t\t\t\t\t\t<span class=\"elementor-button-content-wrapper\">\n\t\t\t\t\t\t\t\t\t<span class=\"elementor-button-text\">Datenschutz<\/span>\n\t\t\t\t\t<\/span>\n\t\t\t\t\t<\/a>\n\t\t\t\t<\/div>\n\t\t\t\t\t\t\t\t<\/div>\n\t\t\t\t<\/div>\n\t\t\t\t<\/div>\n\t\t\t\t<\/div>\n\t\t\t\t<\/div>\n\t\t\t\t<\/div>\n\t\t\t\t<\/div>\n\t\t","protected":false},"excerpt":{"rendered":"<p>Kontakt Wo \u201eMeisterschaft, das ist eben diese Patina, die sich bei langj\u00e4hrigem, unerm\u00fcdlichem Polieren ergibt.\u201cTanizaki Jun\u2019ichiro 2026 16.08.-26.12.2026Ausstellung in der Galerie der Gutsch\u00e4nke Schaaf, F\u00e4hrstra\u00dfe 6, 563333 Winningen. Weitere Infos in K\u00fcrze.&nbsp;Vernissage: 16.08.2026 um 15:00 Uhr 07.12.2026 bis 14.02.2027&#8222;Impuls Fernost&#8220; &#8211; Gruppenausstellung von Ren\u00e9 B\u00f6ll, Giacomo Bruni, Jan-Michael Ehrhardt, Marcus Kneip und Thorsten Schirmer im [&hellip;]<\/p>\n","protected":false},"author":1,"featured_media":0,"parent":0,"menu_order":0,"comment_status":"closed","ping_status":"closed","template":"","meta":{"footnotes":""},"class_list":["post-1192","page","type-page","status-publish","hentry"],"_links":{"self":[{"href":"https:\/\/marcuskneip.com\/en\/wp-json\/wp\/v2\/pages\/1192","targetHints":{"allow":["GET"]}}],"collection":[{"href":"https:\/\/marcuskneip.com\/en\/wp-json\/wp\/v2\/pages"}],"about":[{"href":"https:\/\/marcuskneip.com\/en\/wp-json\/wp\/v2\/types\/page"}],"author":[{"embeddable":true,"href":"https:\/\/marcuskneip.com\/en\/wp-json\/wp\/v2\/users\/1"}],"replies":[{"embeddable":true,"href":"https:\/\/marcuskneip.com\/en\/wp-json\/wp\/v2\/comments?post=1192"}],"version-history":[{"count":0,"href":"https:\/\/marcuskneip.com\/en\/wp-json\/wp\/v2\/pages\/1192\/revisions"}],"wp:attachment":[{"href":"https:\/\/marcuskneip.com\/en\/wp-json\/wp\/v2\/media?parent=1192"}],"curies":[{"name":"wp","href":"https:\/\/api.w.org\/{rel}","templated":true}]}}